{"id":967,"date":"2022-06-03T10:43:36","date_gmt":"2022-06-03T08:43:36","guid":{"rendered":"https:\/\/lucy.brussels\/?page_id=967"},"modified":"2025-08-26T16:01:11","modified_gmt":"2025-08-26T14:01:11","slug":"activites","status":"publish","type":"page","link":"https:\/\/lucy.brussels\/?page_id=967","title":{"rendered":"Activit\u00e9s"},"content":{"rendered":"\n<div class=\"wp-block-cover alignfull\" style=\"min-height:50px;aspect-ratio:unset;\"><span aria-hidden=\"true\" class=\"wp-block-cover__background has-ast-global-color-1-background-color has-background-dim-80 has-background-dim\"><\/span><img decoding=\"async\" class=\"wp-block-cover__image-background wp-image-166\" alt=\"\" src=\"https:\/\/lucy.brussels\/wp-content\/uploads\/2020\/02\/bg-04-free-img.jpg\" data-object-fit=\"cover\"\/><div class=\"wp-block-cover__inner-container is-layout-flow wp-block-cover-is-layout-flow\">\n<h1 class=\"has-white-color has-text-color has-x-large-font-size wp-block-heading\">Activit\u00e9s<\/h1>\n\n\n\n<p><\/p>\n<\/div><\/div>\n\n\n\n<div class=\"wp-block-cover alignfull\"><span aria-hidden=\"true\" class=\"wp-block-cover__background has-ast-global-color-5-background-color has-background-dim\"><\/span><div class=\"wp-block-cover__inner-container is-layout-flow wp-block-cover-is-layout-flow\">\n<p class=\"has-ast-global-color-0-color has-text-color\"><strong>Activit\u00e9s avec les groupes de jeunes<\/strong><\/p>\n\n\n\n<ul class=\"has-ast-global-color-8-color has-text-color wp-block-list\"><li><em>Le \u00ab Cercle de parole \u00bb<\/em>\u00a0est un mode d\u2019animation utilis\u00e9 pour faciliter l\u2019expression sur les repr\u00e9sentations et exp\u00e9riences autour des r\u00e9seaux sociaux et dans la vie \u00ab\u00a0r\u00e9elle\u00a0\u00bb. Cette m\u00e9thodologie \u00e9ducative et pr\u00e9ventive de d\u00e9veloppement de la personne, bas\u00e9e sur l\u2019expression des ressentis, favorise l\u2019autonomisation et la responsabilisation.<\/li><li><em>Les ateliers \u00ab r\u00e9cits migratoires \u00bb<\/em>\u00a0pour r\u00e9fl\u00e9chir sur les identit\u00e9s culturelles, au travers notamment des histoires individuelles et collectives de migration. En plus, l\u2019approche vise \u00e0 travailler concr\u00e8tement des situations pour d\u00e9construire des st\u00e9r\u00e9otypes et des pr\u00e9jug\u00e9s de fa\u00e7on \u00e0 ne pas en rester \u00e0 l\u2019aspect th\u00e9orique sur les valeurs. <a href=\"https:\/\/lucy.brussels\/?cat=6\">En savoir plus<\/a><\/li><li><em>Les ateliers audiovisuels<\/em>\u00a0am\u00e8nent le public jeune \u00e0 cr\u00e9er leur propre contenu sur un compte TikTok partag\u00e9 afin de partager les apprentissages qu\u2019ils ont fait dans les ateliers \u00ab Cercle de parole \u00bb et \u00ab R\u00e9cit migratoires \u00bb. Si le groupe le souhaite, les jeunes r\u00e9agissent activement aux contenus toxiques, polarisants et radicaux dans leurs vid\u00e9os. Ils contribuent notamment \u00e0 d\u00e9velopper \u00ab les r\u00e9flexes du m\u00e9diateur num\u00e9rique \u00bb. <a href=\"https:\/\/lucy.brussels\/?cat=7\">En savoir plus<\/a><\/li><li><em>Escape Game p\u00e9dagogique<\/em>\u00a0: Cr\u00e9ation, par les grands jeunes et\/ou les \u00e9quipes de terrain, de plusieurs escape games p\u00e9dagogiques reprenant les sujets identifi\u00e9s lors des animations d\u2019\u00e9ducation aux m\u00e9dias. <a href=\"https:\/\/lucy.brussels\/?cat=8\">En savoir plus<\/a><\/li><li><em>Rencontres entre les groupes de jeunes des diff\u00e9rents quartiers :<\/em>\u00a0Journ\u00e9es de rencontre des jeunes des diff\u00e9rents quartiers impliqu\u00e9s dans le projet via des sorties communes, les invitant \u00e0 se d\u00e9centrer par le partage d\u2019exp\u00e9rience et la participation \u00e0 une activit\u00e9 commune en dehors de leur lieu de vie (p.ex. sortie \u00e0 Anvers et d\u00e9couverte de l\u2019histoire de migration de la ville et une visite guid\u00e9 du mus\u00e9e Red Star Line ; projections des vid\u00e9os tourn\u00e9es par les jeunes).<\/li><\/ul>\n\n\n\n<p class=\"has-ast-global-color-0-color has-text-color\"><strong>Activit\u00e9s avec les travailleurs sociaux de premi\u00e8re ligne<\/strong><\/p>\n\n\n\n<p class=\"has-ast-global-color-8-color has-text-color\">Des travailleurs sociaux de la pr\u00e9vention et de la coh\u00e9sion sociale dans les cit\u00e9s bruxelloises sont invit\u00e9s r\u00e9guli\u00e8rement \u00e0 suivre des formations sur diff\u00e9rents sujets d\u2019\u00c9ducation aux M\u00e9dias, organis\u00e9es dans le cadre du projet Lucy, par exemple sur le cyber-harc\u00e8lement, le comportements des jeunes sur internet etc.<br><br>Nous invitons les travailleurs sociaux des soci\u00e9t\u00e9s immobili\u00e8res sociales ; agents communaux ; collaborateurs de diff\u00e9rentes organisations locales (maisons de jeunes, autres \u00e9coles des devoirs, \u00e9ducateurs de rue, planning familial, maisons m\u00e9dicales, \u2026).<\/p>\n\n\n\n<p>Vestibulum enim nisl, malesuada sed congue ut, faucibus at erat. Interdum et malesuada fames ac ante ipsum primis in faucibus. Pellentesque consectetur ut elit aliquam maximus. Morbi maximus nulla vel velit bibendum feugiat. Cras ex erat, pharetra egestas lacinia quis, fermentum lacinia metus. Fusce nec lacinia urna. Suspendisse lobortis malesuada fringilla.<\/p>\n\n\n\n<p>Vestibulum at ipsum a augue pulvinar gravida. Pellentesque malesuada condimentum arcu non tempus. Sed lacus enim, consequat et sapien quis, malesuada sagittis odio. Vestibulum in quam euismod, rhoncus nisi et, auctor nunc. Suspendisse a massa sit amet ex hendrerit tempor vitae id mauris. Aliquam volutpat justo vel lorem blandit, in porttitor metus elementum. Proin et est mi. Suspendisse cursus ex vel nunc eleifend, vel elementum nunc laoreet. Quisque sed odio pulvinar ante interdum ultrices non gravida magna. Morbi fermentum velit vitae elit malesuada, eget tincidunt dui pulvinar.<\/p>\n\n\n\n<p>In sed massa blandit, tempus mi id, tempus elit. Maecenas scelerisque aliquet ligula, id molestie lorem bibendum et. Maecenas scelerisque tincidunt purus. Aliquam laoreet molestie sem, imperdiet vestibulum diam semper at. Sed facilisis magna libero, sed finibus est rhoncus sed. Nunc leo elit, sollicitudin non nisi non, egestas dictum sapien. Sed eu arcu in nibh porta tincidunt. Praesent efficitur, diam sit amet blandit bibendum, ante magna volutpat eros, in consequat ex erat a ipsum. Etiam enim ante, convallis sit amet faucibus sit amet, laoreet eget nisi. Cras ut mattis sapien. Curabitur pharetra est vitae nibh venenatis interdum. Curabitur libero turpis, aliquam sit amet ornare non, dapibus non nisi. Nam non lacinia risus. Vestibulum vel vestibulum leo.<\/p>\n\n\n\n<p><\/p>\n<\/div><\/div>\n","protected":false},"excerpt":{"rendered":"","protected":false},"author":7,"featured_media":0,"parent":0,"menu_order":0,"comment_status":"closed","ping_status":"closed","template":"","meta":{"_uag_custom_page_level_css":"","site-sidebar-layout":"default","site-content-layout":"plain-container","ast-site-content-layout":"normal-width-container","site-content-style":"unboxed","site-sidebar-style":"unboxed","ast-global-header-display":"","ast-banner-title-visibility":"","ast-main-header-display":"","ast-hfb-above-header-display":"","ast-hfb-below-header-display":"","ast-hfb-mobile-header-display":"","site-post-title":"disabled","ast-breadcrumbs-content":"","ast-featured-img":"","footer-sml-layout":"","theme-transparent-header-meta":"disabled","adv-header-id-meta":"","stick-header-meta":"","header-above-stick-meta":"","header-main-stick-meta":"","header-below-stick-meta":"","astra-migrate-meta-layouts":"set","ast-page-background-enabled":"default","ast-page-background-meta":{"desktop":{"background-color":"","background-image":"","background-repeat":"repeat","background-position":"center center","background-size":"auto","background-attachment":"scroll","background-type":"","background-media":"","overlay-type":"","overlay-color":"","overlay-opacity":"","overlay-gradient":""},"tablet":{"background-color":"","background-image":"","background-repeat":"repeat","background-position":"center center","background-size":"auto","background-attachment":"scroll","background-type":"","background-media":"","overlay-type":"","overlay-color":"","overlay-opacity":"","overlay-gradient":""},"mobile":{"background-color":"","background-image":"","background-repeat":"repeat","background-position":"center center","background-size":"auto","background-attachment":"scroll","background-type":"","background-media":"","overlay-type":"","overlay-color":"","overlay-opacity":"","overlay-gradient":""}},"ast-content-background-meta":{"desktop":{"background-color":"var(--ast-global-color-5)","background-image":"","background-repeat":"repeat","background-position":"center center","background-size":"auto","background-attachment":"scroll","background-type":"","background-media":"","overlay-type":"","overlay-color":"","overlay-opacity":"","overlay-gradient":""},"tablet":{"background-color":"var(--ast-global-color-5)","background-image":"","background-repeat":"repeat","background-position":"center center","background-size":"auto","background-attachment":"scroll","background-type":"","background-media":"","overlay-type":"","overlay-color":"","overlay-opacity":"","overlay-gradient":""},"mobile":{"background-color":"var(--ast-global-color-5)","background-image":"","background-repeat":"repeat","background-position":"center center","background-size":"auto","background-attachment":"scroll","background-type":"","background-media":"","overlay-type":"","overlay-color":"","overlay-opacity":"","overlay-gradient":""}},"footnotes":""},"class_list":["post-967","page","type-page","status-publish","hentry"],"uagb_featured_image_src":{"full":false,"thumbnail":false,"medium":false,"medium_large":false,"large":false,"1536x1536":false,"2048x2048":false},"uagb_author_info":{"display_name":"Charlotte","author_link":"https:\/\/lucy.brussels\/?author=7"},"uagb_comment_info":0,"uagb_excerpt":null,"_links":{"self":[{"href":"https:\/\/lucy.brussels\/index.php?rest_route=\/wp\/v2\/pages\/967","targetHints":{"allow":["GET"]}}],"collection":[{"href":"https:\/\/lucy.brussels\/index.php?rest_route=\/wp\/v2\/pages"}],"about":[{"href":"https:\/\/lucy.brussels\/index.php?rest_route=\/wp\/v2\/types\/page"}],"author":[{"embeddable":true,"href":"https:\/\/lucy.brussels\/index.php?rest_route=\/wp\/v2\/users\/7"}],"replies":[{"embeddable":true,"href":"https:\/\/lucy.brussels\/index.php?rest_route=%2Fwp%2Fv2%2Fcomments&post=967"}],"version-history":[{"count":13,"href":"https:\/\/lucy.brussels\/index.php?rest_route=\/wp\/v2\/pages\/967\/revisions"}],"predecessor-version":[{"id":1612,"href":"https:\/\/lucy.brussels\/index.php?rest_route=\/wp\/v2\/pages\/967\/revisions\/1612"}],"wp:attachment":[{"href":"https:\/\/lucy.brussels\/index.php?rest_route=%2Fwp%2Fv2%2Fmedia&parent=967"}],"curies":[{"name":"wp","href":"https:\/\/api.w.org\/{rel}","templated":true}]}}