{"id":969,"date":"2022-06-03T10:44:46","date_gmt":"2022-06-03T08:44:46","guid":{"rendered":"https:\/\/lucy.brussels\/?page_id=969"},"modified":"2025-08-26T15:56:17","modified_gmt":"2025-08-26T13:56:17","slug":"a-propos-de","status":"publish","type":"page","link":"https:\/\/lucy.brussels\/?page_id=969","title":{"rendered":"A propos de"},"content":{"rendered":"\n<div class=\"wp-block-cover alignfull\" style=\"min-height:70px;aspect-ratio:unset;\"><img decoding=\"async\" class=\"wp-block-cover__image-background wp-image-169\" alt=\"\" src=\"https:\/\/lucy.brussels\/wp-content\/uploads\/2020\/02\/bg-07-free-img.jpg\" data-object-fit=\"cover\"\/><span aria-hidden=\"true\" class=\"wp-block-cover__background has-ast-global-color-1-background-color has-background-dim-80 has-background-dim\"><\/span><div class=\"wp-block-cover__inner-container is-layout-flow wp-block-cover-is-layout-flow\">\n<h1 class=\"wp-block-heading has-white-color has-text-color has-x-large-font-size\">A propos de Lucy<\/h1>\n<\/div><\/div>\n\n\n\n<div class=\"wp-block-cover alignfull\"><span aria-hidden=\"true\" class=\"wp-block-cover__background has-ast-global-color-5-background-color has-background-dim\"><\/span><div class=\"wp-block-cover__inner-container is-layout-flow wp-block-cover-is-layout-flow\">\n<p class=\"has-ast-global-color-1-color has-text-color has-medium-font-size\">Le concept<\/p>\n\n\n\n<p class=\"has-ast-global-color-8-color has-text-color\">Lucy est un projet d\u2019\u00e9ducation aux m\u00e9dias qui vise \u00e0 accompagner les jeunes dans leur construction identitaire et relationnelle.<br><br>Le projet intervient au c\u0153ur des quartiers d\u00e9favoris\u00e9s de Bruxelles (les cit\u00e9s de logements sociaux) et s\u2019adresse aux jeunes, \u00e0 leurs parents et aux travailleurs sociaux de premi\u00e8re ligne qui accompagnent ces publics au quotidien.<br><br>Lucy vise d&rsquo;une part, \u00e0 ce que les jeunes deviennent des usagers et acteurs conscients des enjeux identitaires dans leur vie de tous les jours et notamment sur les m\u00e9dias sociaux, d&rsquo;autre part \u00e0 produire des normes individuelles et collectives, comme remparts aux discours toxiques.<br><br>Le concept innovant du projet Lucy consiste \u00e0 combiner le travail de coh\u00e9sion sociale de long-terme avec un projet sur l&rsquo;\u00e9ducation aux m\u00e9dias, en abordant le sujet des identit\u00e9s culturelles. Pour comprendre comment se tisse ce \u00ab qui je suis aujourd\u2019hui \u00bb sur les r\u00e9seaux sociaux et en dehors, les jeunes sont amen\u00e9s \u00e0 fouiller dans leurs racines et r\u00e9pondre \u00e0 la question inexorablement li\u00e9e du \u00ab d\u2019o\u00f9 je viens \u00bb.<\/p>\n\n\n\n<p>zzzz<\/p>\n\n\n\n<p class=\"has-ast-global-color-1-color has-text-color has-medium-font-size\">Les activit\u00e9s<\/p>\n\n\n\n<p class=\"has-ast-global-color-8-color has-text-color\"><strong>Activit\u00e9s avec les groupes de jeunes<\/strong><\/p>\n\n\n\n<ul class=\"wp-block-list has-ast-global-color-7-color has-text-color\">\n<li><em>Le \u00ab Cercle de parole \u00bb<\/em> est un mode d\u2019animation utilis\u00e9 pour faciliter l\u2019expression sur les repr\u00e9sentations et exp\u00e9riences autour des r\u00e9seaux sociaux et dans la vie \u00ab\u00a0r\u00e9elle\u00a0\u00bb. Cette m\u00e9thodologie \u00e9ducative et pr\u00e9ventive de d\u00e9veloppement de la personne, bas\u00e9e sur l\u2019expression des ressentis, favorise l\u2019autonomisation et la responsabilisation.<\/li>\n\n\n\n<li><em>Les ateliers \u00ab r\u00e9cits migratoires \u00bb<\/em> pour r\u00e9fl\u00e9chir sur les identit\u00e9s culturelles, au travers notamment des histoires individuelles et collectives de migration. De plus, l\u2019approche vise \u00e0 travailler concr\u00e8tement des situations pour d\u00e9construire des st\u00e9r\u00e9otypes et des pr\u00e9jug\u00e9s de fa\u00e7on \u00e0 ne pas en rester \u00e0 l\u2019aspect th\u00e9orique sur les valeurs. <a href=\"https:\/\/lucy.brussels\/?cat=6\">En savoir plus<\/a><\/li>\n\n\n\n<li><em>Les ateliers audiovisuels<\/em> am\u00e8nent le public jeune \u00e0 cr\u00e9er leur propre contenu sur un compte TikTok partag\u00e9 afin de partager les apprentissages qu\u2019ils ont fait dans les ateliers \u00ab Cercle de parole \u00bb et \u00ab R\u00e9cit migratoires \u00bb. Si le groupe le souhaite, les jeunes r\u00e9agissent activement aux contenus toxiques, polarisants et radicaux dans leurs vid\u00e9os. Ils contribuent notamment \u00e0 d\u00e9velopper \u00ab les r\u00e9flexes du m\u00e9diateur num\u00e9rique \u00bb. <a href=\"https:\/\/lucy.brussels\/?cat=7\">En savoir plus<\/a><\/li>\n\n\n\n<li><em>Escape Game p\u00e9dagogique<\/em> : Cr\u00e9ation, par les grands jeunes et\/ou les \u00e9quipes de terrain, de plusieurs escape games p\u00e9dagogiques reprenant les sujets identifi\u00e9s lors des animations d\u2019\u00e9ducation aux m\u00e9dias. <a href=\"https:\/\/lucy.brussels\/?cat=8\">En savoir plus<\/a><\/li>\n\n\n\n<li><em>Rencontres entre les groupes de jeunes des diff\u00e9rents quartiers :<\/em> Journ\u00e9es de rencontre des jeunes des diff\u00e9rents quartiers impliqu\u00e9s dans le projet via des sorties communes, les invitant \u00e0 se d\u00e9centrer par le partage d\u2019exp\u00e9rience et la participation \u00e0 une activit\u00e9 commune en dehors de leur lieu de vie (p.ex. sortie \u00e0 Anvers et d\u00e9couverte de l\u2019histoire de migration de la ville et une visite guid\u00e9 du mus\u00e9e Red Star Line ; projections des vid\u00e9os tourn\u00e9es par les jeunes).<\/li>\n<\/ul>\n\n\n\n<p class=\"has-ast-global-color-0-color has-text-color\"><strong>Activit\u00e9s avec les travailleurs sociaux de premi\u00e8re ligne<\/strong><\/p>\n\n\n\n<p class=\"has-ast-global-color-0-color has-text-color\">Des travailleurs sociaux de la pr\u00e9vention et de la coh\u00e9sion sociale dans les cit\u00e9s bruxelloises sont invit\u00e9s r\u00e9guli\u00e8rement \u00e0 suivre des formations sur diff\u00e9rents sujets d&rsquo;\u00c9ducation aux M\u00e9dias, organis\u00e9es dans le cadre du projet Lucy, par exemple sur le cyber-harc\u00e8lement, le comportements des jeunes sur internet etc. <br><br>Nous invitons les travailleurs sociaux des soci\u00e9t\u00e9s immobili\u00e8res sociales ; agents communaux ; collaborateurs de diff\u00e9rentes organisations locales (maisons de jeunes, autres \u00e9coles des devoirs, \u00e9ducateurs de rue, planning familial, maisons m\u00e9dicales, \u2026).<\/p>\n\n\n\n<p>zzzz<\/p>\n\n\n\n<p class=\"has-ast-global-color-1-color has-text-color has-medium-font-size\">Les acteurs<\/p>\n\n\n\n<div class=\"wp-block-columns is-layout-flex wp-container-core-columns-is-layout-28f84493 wp-block-columns-is-layout-flex\">\n<div class=\"wp-block-column is-layout-flow wp-block-column-is-layout-flow\" style=\"flex-basis:66.66%\">\n<p><\/p>\n\n\n\n<p class=\"has-ast-global-color-8-color has-text-color\">Le projet Lucy a \u00e9t\u00e9 initi\u00e9 par <strong>SoHab <\/strong>(anciennement Habitat &amp; R\u00e9novation), une association de solidarit\u00e9 qui a pour mission de contribuer \u00e0 l\u2019habitat durable des villes par le d\u00e9veloppement du logement d\u00e9cent et abordable et par le d\u00e9veloppement des ressources locales du territoire. Depuis plus de 20 ans, elle m\u00e8ne du travail social communautaire \u00e0 travers ses huit antennes locales situ\u00e9es dans les quartiers des Marolles (Minimes, Querelle, Radis Marolles), de la Senne (Anneessens, Dansaert, Yser), du Quartier Nord et du Bempt.<\/p>\n\n\n\n<p><a href=\"https:\/\/lucy.brussels\/?p=1480\">En savoir plus sur les observations de terrain de SoHab&#8230;<\/a><\/p>\n<\/div>\n\n\n\n<div class=\"wp-block-column is-layout-flow wp-block-column-is-layout-flow\" style=\"flex-basis:33.33%\">\n<figure class=\"wp-block-image aligncenter size-full is-resized\"><img loading=\"lazy\" decoding=\"async\" width=\"2501\" height=\"793\" src=\"https:\/\/lucy.brussels\/wp-content\/uploads\/2025\/08\/SoHab_Logo_RVB_Color_Baseline.jpg\" alt=\"\" class=\"wp-image-1606\" srcset=\"https:\/\/lucy.brussels\/wp-content\/uploads\/2025\/08\/SoHab_Logo_RVB_Color_Baseline.jpg 2501w, https:\/\/lucy.brussels\/wp-content\/uploads\/2025\/08\/SoHab_Logo_RVB_Color_Baseline-300x95.jpg 300w, https:\/\/lucy.brussels\/wp-content\/uploads\/2025\/08\/SoHab_Logo_RVB_Color_Baseline-1024x325.jpg 1024w, https:\/\/lucy.brussels\/wp-content\/uploads\/2025\/08\/SoHab_Logo_RVB_Color_Baseline-768x244.jpg 768w, https:\/\/lucy.brussels\/wp-content\/uploads\/2025\/08\/SoHab_Logo_RVB_Color_Baseline-1536x487.jpg 1536w, https:\/\/lucy.brussels\/wp-content\/uploads\/2025\/08\/SoHab_Logo_RVB_Color_Baseline-2048x649.jpg 2048w\" sizes=\"auto, (max-width: 2501px) 100vw, 2501px\" \/><figcaption class=\"wp-element-caption\"><a href=\"http:\/\/www.sohab.be\">En savoir plus sur SoHab<\/a><\/figcaption><\/figure>\n<\/div>\n<\/div>\n\n\n\n<p class=\"has-ast-global-color-0-color has-text-color\"><strong>Les partenaires op\u00e9rationnels<\/strong>, membres du comit\u00e9 de pilotage du projet Lucy, sont :<\/p>\n\n\n\n<ul class=\"wp-block-list has-ast-global-color-8-color has-text-color\">\n<li><em><a href=\"https:\/\/www.inter-mondes.org\/\" target=\"_blank\" rel=\"noreferrer noopener\">InterMondes<\/a>,<\/em> une organisation belge sp\u00e9cialis\u00e9e dans l\u2019\u00e9valuation et l\u2019accompagnement de projets pr\u00e9sentant une perspective de changement soci\u00e9tal<\/li>\n\n\n\n<li><em><a href=\"https:\/\/www.echoscommunication.org\/\" target=\"_blank\" rel=\"noreferrer noopener\">Echos Communication<\/a>,<\/em> une association belge (accr\u00e9dit\u00e9e ONG) qui accompagne et forme sur les questions de st\u00e9r\u00e9otypes et les pr\u00e9jug\u00e9s, notamment via la m\u00e9thode du \u00ab r\u00e9cit migratoire \u00bb <\/li>\n\n\n\n<li><em><a href=\"http:\/\/www.loicdelvaulx.com\/\" target=\"_blank\" rel=\"noreferrer noopener\">LD,<\/a><\/em> une soci\u00e9t\u00e9 de r\u00e9alisation sp\u00e9cialis\u00e9e dans les questions de logement et d&rsquo;exclusion sociale qui collabore r\u00e9guli\u00e8rement avec des cha\u00eenes de t\u00e9l\u00e9vision pour des \u00e9missions et des reportages vari\u00e9s<\/li>\n\n\n\n<li><em><a href=\"https:\/\/www.arc-culture.be\/\" target=\"_blank\" rel=\"noreferrer noopener\">Action et Recherches Culturelles Bruxelles (ARC)<\/a><\/em>, actif en \u00e9ducation permanente et dans ses th\u00e9matiques \u00ab Num\u00e9rique \u00bb, \u00ab Soci\u00e9t\u00e9 \u00bb et \u00ab Expressions \u00bb, se veut le d\u00e9fenseur des droits culturels<\/li>\n\n\n\n<li><em><a href=\"https:\/\/slrb-bghm.brussels\/fr\/societes-immobilieres-de-service-public\" target=\"_blank\" rel=\"noreferrer noopener\">Trois soci\u00e9t\u00e9s immobili\u00e8res sociales (SISP)<\/a> <\/em>: Le Logement Bruxellois (quartiers Senne et Marolles), Le Foyer du Sud (commune de Forest) et Alliance Bruxelloise Coop\u00e9rative (commune de Woluw\u00e9-St-Lambert)<\/li>\n<\/ul>\n\n\n\n<p class=\"has-ast-global-color-8-color has-text-color\"><strong>Les associations locales <\/strong>comme acteurs secondaires du projet, en particulier les associations locales travaillant avec les jeunes entre 10 et 18 ans.<br>Nous invitons toute association travaillant avec les jeunes entre 10 et 18 ans \u00e0 prendre part au projet. Si vous \u00eates int\u00e9ress\u00e9s, n\u2019h\u00e9sitez pas \u00e0 nous<br><a rel=\"noreferrer noopener\" href=\"mailto:c.geiger@habitatetrenovation.be\" target=\"_blank\">contacter<\/a>.<\/p>\n\n\n\n<p class=\"has-ast-global-color-8-color has-text-color\"><strong>Les partenaires institutionnels<\/strong> du projet sont les administrations r\u00e9gionales bailleurs :<\/p>\n\n\n\n<figure class=\"wp-block-image size-large is-resized\"><img loading=\"lazy\" decoding=\"async\" width=\"1024\" height=\"300\" src=\"https:\/\/lucy.brussels\/wp-content\/uploads\/2022\/08\/Logo_RBC-1-1024x300.jpg\" alt=\"\" class=\"wp-image-1398\" style=\"width:522px;height:auto\" srcset=\"https:\/\/lucy.brussels\/wp-content\/uploads\/2022\/08\/Logo_RBC-1-1024x300.jpg 1024w, https:\/\/lucy.brussels\/wp-content\/uploads\/2022\/08\/Logo_RBC-1-300x88.jpg 300w, https:\/\/lucy.brussels\/wp-content\/uploads\/2022\/08\/Logo_RBC-1-768x225.jpg 768w, https:\/\/lucy.brussels\/wp-content\/uploads\/2022\/08\/Logo_RBC-1-1536x450.jpg 1536w, https:\/\/lucy.brussels\/wp-content\/uploads\/2022\/08\/Logo_RBC-1-2048x600.jpg 2048w\" sizes=\"auto, (max-width: 1024px) 100vw, 1024px\" \/><figcaption class=\"wp-element-caption\"><a rel=\"noreferrer noopener\" href=\"https:\/\/safe.brussels\/\" target=\"_blank\">La R\u00e9gion de Bruxelles-Capitale &#8211; Pr\u00e9vention et de s\u00e9curit\u00e9 r\u00e9gionale, safe.brussels<\/a><\/figcaption><\/figure>\n\n\n\n<figure class=\"wp-block-image size-full is-resized\"><img loading=\"lazy\" decoding=\"async\" width=\"622\" height=\"104\" src=\"https:\/\/lucy.brussels\/wp-content\/uploads\/2022\/08\/Safe-RGB.jpg\" alt=\"\" class=\"wp-image-1390\" style=\"width:490px;height:auto\" srcset=\"https:\/\/lucy.brussels\/wp-content\/uploads\/2022\/08\/Safe-RGB.jpg 622w, https:\/\/lucy.brussels\/wp-content\/uploads\/2022\/08\/Safe-RGB-300x50.jpg 300w\" sizes=\"auto, (max-width: 622px) 100vw, 622px\" \/><figcaption class=\"wp-element-caption\"><a href=\"https:\/\/slrb-bghm.brussels\/fr\" target=\"_blank\" rel=\"noreferrer noopener\">Safe Brussels<\/a><\/figcaption><\/figure>\n\n\n\n<figure class=\"wp-block-image size-large is-resized\"><img loading=\"lazy\" decoding=\"async\" width=\"1024\" height=\"241\" src=\"https:\/\/lucy.brussels\/wp-content\/uploads\/2022\/08\/logo-fwb-couleur-pantone-horizontal-1024x241.png\" alt=\"\" class=\"wp-image-1391\" style=\"width:505px;height:auto\" srcset=\"https:\/\/lucy.brussels\/wp-content\/uploads\/2022\/08\/logo-fwb-couleur-pantone-horizontal-1024x241.png 1024w, https:\/\/lucy.brussels\/wp-content\/uploads\/2022\/08\/logo-fwb-couleur-pantone-horizontal-300x71.png 300w, https:\/\/lucy.brussels\/wp-content\/uploads\/2022\/08\/logo-fwb-couleur-pantone-horizontal-768x181.png 768w, https:\/\/lucy.brussels\/wp-content\/uploads\/2022\/08\/logo-fwb-couleur-pantone-horizontal-1536x361.png 1536w, https:\/\/lucy.brussels\/wp-content\/uploads\/2022\/08\/logo-fwb-couleur-pantone-horizontal-2048x482.png 2048w\" sizes=\"auto, (max-width: 1024px) 100vw, 1024px\" \/><figcaption class=\"wp-element-caption\"><a rel=\"noreferrer noopener\" href=\"https:\/\/pci.cfwb.be\/\" target=\"_blank\">La F\u00e9d\u00e9ration Wallonie-Bruxelles &#8211; Promotion de la Citoyennet\u00e9 et de l&rsquo;Interculturalit\u00e9<\/a><\/figcaption><\/figure>\n\n\n\n<p><\/p>\n\n\n\n<figure class=\"wp-block-image size-full is-resized\"><img loading=\"lazy\" decoding=\"async\" width=\"434\" height=\"226\" src=\"https:\/\/lucy.brussels\/wp-content\/uploads\/2022\/08\/SLRB-BGHM-LOGO_RVB-1.png\" alt=\"\" class=\"wp-image-1399\" style=\"width:521px;height:auto\" srcset=\"https:\/\/lucy.brussels\/wp-content\/uploads\/2022\/08\/SLRB-BGHM-LOGO_RVB-1.png 434w, https:\/\/lucy.brussels\/wp-content\/uploads\/2022\/08\/SLRB-BGHM-LOGO_RVB-1-300x156.png 300w\" sizes=\"auto, (max-width: 434px) 100vw, 434px\" \/><figcaption class=\"wp-element-caption\"><a rel=\"noreferrer noopener\" href=\"https:\/\/slrb-bghm.brussels\/fr\" target=\"_blank\">L<\/a><a rel=\"noreferrer noopener\" href=\"https:\/\/slrb-bghm.brussels\/fr\" target=\"_blank\">a<\/a><a href=\"https:\/\/slrb-bghm.brussels\/fr\" target=\"_blank\" rel=\"noreferrer noopener\"> <\/a><a rel=\"noreferrer noopener\" href=\"https:\/\/slrb-bghm.brussels\/fr\" target=\"_blank\">Soci\u00e9t\u00e9 de Logements de la R\u00e9gion de Bruxelles (SLRB)<\/a><\/figcaption><\/figure>\n\n\n\n<p>zzzzz<\/p>\n\n\n\n<p class=\"has-ast-global-color-1-color has-text-color has-medium-font-size\">Contact<\/p>\n\n\n\n<p class=\"has-ast-global-color-7-color has-text-color\"><strong>Fabio Checcucci<\/strong><br>Coordinateur Quartier Nord<br><br><a href=\"mailto:f.checcucci@sohab.be\" target=\"_blank\" rel=\"noreferrer noopener\">f.checcucci@sohab.be<\/a><br>GSM : +32 471 26 60 31<br><br>Chauss\u00e9e d\u2019Ixelles 29 (bte 9) &#8211; 1050 Ixelles<br><a href=\"http:\/\/www.sohab.be\" target=\"_blank\" rel=\"noreferrer noopener\">www.sohab.be <\/a><\/p>\n<\/div><\/div>\n\n\n\n<p><\/p>\n","protected":false},"excerpt":{"rendered":"","protected":false},"author":7,"featured_media":0,"parent":0,"menu_order":0,"comment_status":"closed","ping_status":"closed","template":"","meta":{"_uag_custom_page_level_css":"","site-sidebar-layout":"default","site-content-layout":"plain-container","ast-site-content-layout":"normal-width-container","site-content-style":"unboxed","site-sidebar-style":"unboxed","ast-global-header-display":"","ast-banner-title-visibility":"","ast-main-header-display":"","ast-hfb-above-header-display":"","ast-hfb-below-header-display":"","ast-hfb-mobile-header-display":"","site-post-title":"disabled","ast-breadcrumbs-content":"","ast-featured-img":"","footer-sml-layout":"","theme-transparent-header-meta":"disabled","adv-header-id-meta":"","stick-header-meta":"","header-above-stick-meta":"","header-main-stick-meta":"","header-below-stick-meta":"","astra-migrate-meta-layouts":"set","ast-page-background-enabled":"default","ast-page-background-meta":{"desktop":{"background-color":"","background-image":"","background-repeat":"repeat","background-position":"center center","background-size":"auto","background-attachment":"scroll","background-type":"","background-media":"","overlay-type":"","overlay-color":"","overlay-opacity":"","overlay-gradient":""},"tablet":{"background-color":"","background-image":"","background-repeat":"repeat","background-position":"center center","background-size":"auto","background-attachment":"scroll","background-type":"","background-media":"","overlay-type":"","overlay-color":"","overlay-opacity":"","overlay-gradient":""},"mobile":{"background-color":"","background-image":"","background-repeat":"repeat","background-position":"center center","background-size":"auto","background-attachment":"scroll","background-type":"","background-media":"","overlay-type":"","overlay-color":"","overlay-opacity":"","overlay-gradient":""}},"ast-content-background-meta":{"desktop":{"background-color":"var(--ast-global-color-5)","background-image":"","background-repeat":"repeat","background-position":"center center","background-size":"auto","background-attachment":"scroll","background-type":"","background-media":"","overlay-type":"","overlay-color":"","overlay-opacity":"","overlay-gradient":""},"tablet":{"background-color":"var(--ast-global-color-5)","background-image":"","background-repeat":"repeat","background-position":"center center","background-size":"auto","background-attachment":"scroll","background-type":"","background-media":"","overlay-type":"","overlay-color":"","overlay-opacity":"","overlay-gradient":""},"mobile":{"background-color":"var(--ast-global-color-5)","background-image":"","background-repeat":"repeat","background-position":"center center","background-size":"auto","background-attachment":"scroll","background-type":"","background-media":"","overlay-type":"","overlay-color":"","overlay-opacity":"","overlay-gradient":""}},"footnotes":""},"class_list":["post-969","page","type-page","status-publish","hentry"],"uagb_featured_image_src":{"full":false,"thumbnail":false,"medium":false,"medium_large":false,"large":false,"1536x1536":false,"2048x2048":false},"uagb_author_info":{"display_name":"Charlotte","author_link":"https:\/\/lucy.brussels\/?author=7"},"uagb_comment_info":0,"uagb_excerpt":null,"_links":{"self":[{"href":"https:\/\/lucy.brussels\/index.php?rest_route=\/wp\/v2\/pages\/969","targetHints":{"allow":["GET"]}}],"collection":[{"href":"https:\/\/lucy.brussels\/index.php?rest_route=\/wp\/v2\/pages"}],"about":[{"href":"https:\/\/lucy.brussels\/index.php?rest_route=\/wp\/v2\/types\/page"}],"author":[{"embeddable":true,"href":"https:\/\/lucy.brussels\/index.php?rest_route=\/wp\/v2\/users\/7"}],"replies":[{"embeddable":true,"href":"https:\/\/lucy.brussels\/index.php?rest_route=%2Fwp%2Fv2%2Fcomments&post=969"}],"version-history":[{"count":44,"href":"https:\/\/lucy.brussels\/index.php?rest_route=\/wp\/v2\/pages\/969\/revisions"}],"predecessor-version":[{"id":1610,"href":"https:\/\/lucy.brussels\/index.php?rest_route=\/wp\/v2\/pages\/969\/revisions\/1610"}],"wp:attachment":[{"href":"https:\/\/lucy.brussels\/index.php?rest_route=%2Fwp%2Fv2%2Fmedia&parent=969"}],"curies":[{"name":"wp","href":"https:\/\/api.w.org\/{rel}","templated":true}]}}