{"id":971,"date":"2022-06-03T10:45:31","date_gmt":"2022-06-03T08:45:31","guid":{"rendered":"https:\/\/lucy.brussels\/?page_id=971"},"modified":"2025-08-26T16:04:04","modified_gmt":"2025-08-26T14:04:04","slug":"ressource","status":"publish","type":"page","link":"https:\/\/lucy.brussels\/?page_id=971","title":{"rendered":"Ressources"},"content":{"rendered":"\n<div class=\"wp-block-cover alignfull\" style=\"min-height:128px;aspect-ratio:unset;\"><img decoding=\"async\" class=\"wp-block-cover__image-background wp-image-168\" alt=\"\" src=\"https:\/\/lucy.brussels\/wp-content\/uploads\/2020\/02\/bg-06-free-img.jpg\" data-object-fit=\"cover\"\/><span aria-hidden=\"true\" class=\"wp-block-cover__background has-ast-global-color-1-background-color has-background-dim-80 has-background-dim\"><\/span><div class=\"wp-block-cover__inner-container is-layout-flow wp-block-cover-is-layout-flow\">\n<h1 class=\"wp-block-heading has-white-color has-text-color has-x-large-font-size\">Ressources<\/h1>\n<\/div><\/div>\n\n\n\n<div class=\"wp-block-cover alignfull\"><span aria-hidden=\"true\" class=\"wp-block-cover__background has-ast-global-color-5-background-color has-background-dim\"><\/span><div class=\"wp-block-cover__inner-container is-layout-flow wp-block-cover-is-layout-flow\">\n<p class=\"has-ast-global-color-8-color has-text-color has-medium-font-size\">Sur le projet Lucy<\/p>\n\n\n\n<ul class=\"wp-block-list\">\n<li><a href=\"https:\/\/sohab.be\/fr\/publications\/retour-dexperiences-approche-mire\/\">Retour d\u2019exp\u00e9riences \u00ab Approche MIRE<\/a> \u00bb Cette publication r\u00e9sume l\u2019exp\u00e9rience acquise par SoHab lors de la mise en \u0153uvre du projet LuCy <\/li>\n\n\n\n<li><a href=\"http:\/\/www.habitatetrenovation.be\/app\/uploads\/2022\/08\/Flyer-presentation-Lucy-2_janvier2022.pdf\" target=\"_blank\" rel=\"noreferrer noopener\">Flyer de pr\u00e9sentation<\/a> (pdf)<\/li>\n<\/ul>\n\n\n\n<p>zzz<\/p>\n\n\n\n<p class=\"has-ast-global-color-8-color has-text-color has-medium-font-size\">Liens utiles<\/p>\n\n\n\n<p class=\"has-ast-global-color-7-color has-text-color\"><strong>Pour les parents <\/strong><\/p>\n\n\n\n<ul class=\"wp-block-list has-ast-global-color-8-color has-text-color\">\n<li>\u00ab\u00a0<em>Comment agir face au cyberharc\u00e8lement<\/em>\u00a0\u00bb &#8211; Livre de Bruno Humbeek, paru le 6 septembre 2022 chez <a href=\"https:\/\/www.livre-moi.be\/fr\/bruno-humbeeck\/397-comment-agir-face-au-cyberharcelement-.html\">Renaissance Du Livre<\/a><\/li>\n\n\n\n<li>\u00ab\u00a0<em>Guide pour accompagner mon enfant\/ado dans son utilisation d&rsquo;internet et des r\u00e9seaux sociaux<\/em>\u00a0\u00bb par <a href=\"https:\/\/amo-lacroisee.jimdofree.com\/app\/download\/12989873899\/Guider%C3%A9seauxsociauxcrois%C3%A9e.pdf?t=1641894745\" target=\"_blank\" rel=\"noreferrer noopener\">La Crois\u00e9e<\/a><\/li>\n<\/ul>\n\n\n\n<p class=\"has-ast-global-color-7-color has-text-color\"><strong>Pour les travailleurs sociaux <\/strong><\/p>\n\n\n\n<p class=\"has-ast-global-color-7-color has-text-color\">Formations<\/p>\n\n\n\n<ul class=\"wp-block-list has-ast-global-color-8-color has-text-color\">\n<li><a href=\"https:\/\/childfocus.be\/fr-be\/Formation\/Professionnels\" target=\"_blank\" rel=\"noreferrer noopener\">ChildFocus<\/a> (sur la s\u00e9curit\u00e9 en ligne des jeunes)<\/li>\n\n\n\n<li><a href=\"https:\/\/www.calbw.be\/formations-en-pratiques-philosophiques\">P\u00f4le Philo de La\u00efcit\u00e9 Brabant Wallon<\/a> (en pratiques philosophiques)<\/li>\n\n\n\n<li><a href=\"https:\/\/zintv.org\/ateliers\/\" target=\"_blank\" rel=\"noreferrer noopener\">ZIN TV<\/a> (sur des th\u00e9matiques de la p\u00e9dagogie audiovisuelle)<\/li>\n\n\n\n<li><a href=\"https:\/\/loupioteasbl.wordpress.com\/formation-cyberharcelement\/\" target=\"_blank\" rel=\"noreferrer noopener\">Loupiote asbl<\/a> (sur la pr\u00e9vention du (cyber)harc\u00e8lement)<\/li>\n<\/ul>\n\n\n\n<p class=\"has-ast-global-color-7-color has-text-color\">Outils p\u00e9dagogiques<\/p>\n\n\n\n<ul class=\"wp-block-list has-ast-global-color-8-color has-text-color\">\n<li>Ressources p\u00e9dagogiques par <a href=\"https:\/\/childfocus.be\/fr-be\/Presse\/Publications\/Ressources-et-outils\/Term\/95\/Professionnels\" target=\"_blank\" rel=\"noreferrer noopener\">ChildFocus<\/a><\/li>\n\n\n\n<li>L&rsquo;outil \u00ab\u00a0<em>Th\u00e9ories du complot, ressorts et m\u00e9canismes<\/em>\u00ab\u00a0, d\u00e9velopp\u00e9 par <a href=\"https:\/\/theoriesducomplot.be\/\" target=\"_blank\" rel=\"noreferrer noopener\">Media Animation<\/a><\/li>\n\n\n\n<li>Des outils p\u00e9dagogiques pour aborder les r\u00e9seaux sociaux, les fake news, etc. par <a href=\"https:\/\/www.lebrass.be\/outils\/\" target=\"_blank\" rel=\"noreferrer noopener\">le BRASS et la Biblif<\/a><\/li>\n\n\n\n<li>\u00ab\u00a0<em>Guide de l&rsquo;animateur en pratiques philosophiques<\/em>\u00a0\u00bb par le <a href=\"https:\/\/www.calbw.be\/sites\/default\/files\/guide_de_lanimateur_philo_2022_0.pdf\" target=\"_blank\" rel=\"noreferrer noopener\">P\u00f4le Philo de La\u00efcit\u00e9 Brabant Wallon<\/a><\/li>\n<\/ul>\n<\/div><\/div>\n","protected":false},"excerpt":{"rendered":"","protected":false},"author":7,"featured_media":0,"parent":0,"menu_order":0,"comment_status":"closed","ping_status":"closed","template":"","meta":{"_uag_custom_page_level_css":"","site-sidebar-layout":"default","site-content-layout":"plain-container","ast-site-content-layout":"normal-width-container","site-content-style":"unboxed","site-sidebar-style":"unboxed","ast-global-header-display":"","ast-banner-title-visibility":"","ast-main-header-display":"","ast-hfb-above-header-display":"","ast-hfb-below-header-display":"","ast-hfb-mobile-header-display":"","site-post-title":"disabled","ast-breadcrumbs-content":"","ast-featured-img":"","footer-sml-layout":"","theme-transparent-header-meta":"disabled","adv-header-id-meta":"","stick-header-meta":"","header-above-stick-meta":"","header-main-stick-meta":"","header-below-stick-meta":"","astra-migrate-meta-layouts":"set","ast-page-background-enabled":"default","ast-page-background-meta":{"desktop":{"background-color":"","background-image":"","background-repeat":"repeat","background-position":"center center","background-size":"auto","background-attachment":"scroll","background-type":"","background-media":"","overlay-type":"","overlay-color":"","overlay-opacity":"","overlay-gradient":""},"tablet":{"background-color":"","background-image":"","background-repeat":"repeat","background-position":"center center","background-size":"auto","background-attachment":"scroll","background-type":"","background-media":"","overlay-type":"","overlay-color":"","overlay-opacity":"","overlay-gradient":""},"mobile":{"background-color":"","background-image":"","background-repeat":"repeat","background-position":"center center","background-size":"auto","background-attachment":"scroll","background-type":"","background-media":"","overlay-type":"","overlay-color":"","overlay-opacity":"","overlay-gradient":""}},"ast-content-background-meta":{"desktop":{"background-color":"var(--ast-global-color-5)","background-image":"","background-repeat":"repeat","background-position":"center center","background-size":"auto","background-attachment":"scroll","background-type":"","background-media":"","overlay-type":"","overlay-color":"","overlay-opacity":"","overlay-gradient":""},"tablet":{"background-color":"var(--ast-global-color-5)","background-image":"","background-repeat":"repeat","background-position":"center center","background-size":"auto","background-attachment":"scroll","background-type":"","background-media":"","overlay-type":"","overlay-color":"","overlay-opacity":"","overlay-gradient":""},"mobile":{"background-color":"var(--ast-global-color-5)","background-image":"","background-repeat":"repeat","background-position":"center center","background-size":"auto","background-attachment":"scroll","background-type":"","background-media":"","overlay-type":"","overlay-color":"","overlay-opacity":"","overlay-gradient":""}},"footnotes":""},"class_list":["post-971","page","type-page","status-publish","hentry"],"uagb_featured_image_src":{"full":false,"thumbnail":false,"medium":false,"medium_large":false,"large":false,"1536x1536":false,"2048x2048":false},"uagb_author_info":{"display_name":"Charlotte","author_link":"https:\/\/lucy.brussels\/?author=7"},"uagb_comment_info":0,"uagb_excerpt":null,"_links":{"self":[{"href":"https:\/\/lucy.brussels\/index.php?rest_route=\/wp\/v2\/pages\/971","targetHints":{"allow":["GET"]}}],"collection":[{"href":"https:\/\/lucy.brussels\/index.php?rest_route=\/wp\/v2\/pages"}],"about":[{"href":"https:\/\/lucy.brussels\/index.php?rest_route=\/wp\/v2\/types\/page"}],"author":[{"embeddable":true,"href":"https:\/\/lucy.brussels\/index.php?rest_route=\/wp\/v2\/users\/7"}],"replies":[{"embeddable":true,"href":"https:\/\/lucy.brussels\/index.php?rest_route=%2Fwp%2Fv2%2Fcomments&post=971"}],"version-history":[{"count":34,"href":"https:\/\/lucy.brussels\/index.php?rest_route=\/wp\/v2\/pages\/971\/revisions"}],"predecessor-version":[{"id":1614,"href":"https:\/\/lucy.brussels\/index.php?rest_route=\/wp\/v2\/pages\/971\/revisions\/1614"}],"wp:attachment":[{"href":"https:\/\/lucy.brussels\/index.php?rest_route=%2Fwp%2Fv2%2Fmedia&parent=971"}],"curies":[{"name":"wp","href":"https:\/\/api.w.org\/{rel}","templated":true}]}}